{"id":92,"date":"2019-07-23T07:24:39","date_gmt":"2019-07-23T07:24:39","guid":{"rendered":"https:\/\/alfred-maritime.com\/?page_id=92"},"modified":"2019-08-09T20:49:50","modified_gmt":"2019-08-09T17:49:50","slug":"datenschutz","status":"publish","type":"page","link":"https:\/\/dev-alfred.web1.osg.fi\/de\/datenschutz\/","title":{"rendered":"Datenschutz"},"content":{"rendered":"\n<h2>Datenschutz\u00aderkl\u00e4rung<\/h2>\n\n\n\n<h3>Hinweis zur verantwort\u00adlichen Stelle:<\/h3>\n\n\n\n<p><strong>ALFRED Maritime GmbH<\/strong><br>Schlo\u00dfstra\u00dfe 8e<br>22041 Hamburg<\/p>\n\n\n\n<p>Wir\nlegen besonderen Wert auf den Schutz Ihrer personenbezogenen Daten.\nIhre personenbezogenen Daten werden gem\u00e4\u00df den\nDatenschutzbestimmungen, insbesondere der Europ\u00e4ischen\nDatenschutz-Grundverordnung (EU DS-GVO) und dem\nBundesdatenschutzgesetz (BDSG-neu) verarbeitet.<\/p>\n\n\n\n<h3>Allgemeines zur Datenverarbeitung<\/h3>\n\n\n\n<p>Die\nfolgenden Informationen geben einen \u00dcberblick \u00fcber die Art, den\nUmfang und den Zweck der Erhebung, Verarbeitung und \u00dcbermittlung\npersonenbezogener Daten sowie die eingesetzten Sicherheitsma\u00dfnahmen\nzum Schutz dieser Daten.<\/p>\n\n\n\n<p>Personenbezogene\nDaten sind Einzelangaben \u00fcber pers\u00f6nliche oder sachliche\nVerh\u00e4ltnisse einer bestimmten oder bestimmbaren nat\u00fcrlichen Person,\nwie z. B. Ihr Name, Ihre Anschrift, Ihre Telefonnummer, Ihr\nGeburtsdatum sowie Ihre E-Mail und IP-Adresse.<\/p>\n\n\n\n<h4>Rechtsgrundlagen f\u00fcr die Verarbeitung personenbezogener Daten<\/h4>\n\n\n\n<ul><li>\n\n\tSoweit wir f\u00fcr Verarbeitungsvorg\u00e4nge personenbezogener Daten eine\n\tEinwilligung der betroffenen Person einholen, dient Art. 6 Abs. 1\n\tlit. a EU DS-GVO als Rechtsgrundlage. Sie k\u00f6nnen dieser\n\tVerarbeitung jederzeit gem\u00e4\u00df Art. 7 Abs. 3 EU DS-GVO uns gegen\u00fcber\n\tf\u00fcr die Zukunft widerrufen.\n\t<\/li><li>\n\n\tBei der Verarbeitung von personenbezogenen Daten, die zur Erf\u00fcllung\n\teines Vertrages oder zur Durchf\u00fchrung vorvertraglicher Ma\u00dfnahmen,\n\terforderlich sind, dient Art. 6 Abs. 1 lit. b EU DS-GVO als\n\tRechtsgrundlage.\n\t<\/li><li>\n\n\tSoweit eine Verarbeitung personenbezogener Daten zur Erf\u00fcllung\n\teiner rechtlichen Verpflichtung erforderlich ist, der unser\n\tUnternehmen unterliegt, dient Art. 6 Abs. 1 lit. c EU DS-GVO als\n\tRechtsgrundlage.\n\t<\/li><li>\n\n\tIst die Verarbeitung zur Wahrung eines berechtigten Interesses\n\tunseres Unternehmens oder eines Dritten erforderlich und \u00fcberwiegen\n\tnicht die Interessen, Grundrechte und Grundfreiheiten des\n\tBetroffenen, so dient Art. 6 Abs. 1 lit. f EU DS-GVO als\n\tRechtsgrundlage f\u00fcr die Verarbeitung. In diesem Fall haben Sie ein\n\tWiderspruchsrecht nach Art. 21 EU DS-GVO.\n<\/li><\/ul>\n\n\n\n<h4>Datenl\u00f6schung und Speicherdauer<\/h4>\n\n\n\n<p>Personenbezogene\nDaten werden gel\u00f6scht, sobald der Zweck der Speicherung entf\u00e4llt.\nEine Speicherung kann dar\u00fcber hinaus erfolgen, wenn dies durch\ngesetzlich vorgeschriebenen Aufbewahrungspflichten, denen unser\nUnternehmen unterliegt, vorgesehen wurde.<\/p>\n\n\n\n<h3>Bereitstellung der Webseite<\/h3>\n\n\n\n<h4>Einsatz von Hosting-Dienstleistern<\/h4>\n\n\n\n<p>Unsere\nWebseite wird auf in der EU befindlichen Servern eines\nHosting-Dienstleisters auf Basis einer Auftragsverarbeitung nach Art.\n28 EU DS-GVO gehostet. Der Hosting-Dienstleister kann im Rahmen\nseiner Leistungen Zugriff auf personenbezogene Daten unserer Nutzer\nhaben, insbesondere auf technische Daten, die im Rahmen der\ntechnischen Kommunikation zwischen Ihnen und unserer Webseite\nanfallen (z. B. Serverlogfiles). Er darf diese nicht f\u00fcr eigene\nZwecke nutzen. Der Einsatz eines Hosting-Dienstleisters erfolgt auf\nGrundlage unserer berechtigten Interessen gem\u00e4\u00df Art. 6 Abs. 1 lit.\nf EU DS-GVO an der Zurverf\u00fcgungstellung von Infrastruktur- und\nPlattformdienstleistungen, Rechenkapazit\u00e4t, E-Mail-Versand sowie\nSicherheitsleistungen.<\/p>\n\n\n\n<h4>Server-Logfiles<\/h4>\n\n\n\n<p>Wenn\nSie unsere Webseite besuchen oder dessen Dienste nutzen \u00fcbermittelt\ndas Ger\u00e4t, mit dem Sie die Seite aufrufen, automatisch Log-Daten\n(Verbindungsdaten) an unseren Server. Die entsprechenden\nInformationen bestehen aus:<\/p>\n\n\n\n<ul><li>\n\n\tTyp und Version des von Ihnen verwendeten Browsers,\n\t<\/li><li>\n\n\tTyp und Version des von Ihnen verwendeten Betriebssystems,\n\t<\/li><li>\n\n\tReferrer-URL der Seite, von der Sie auf unsere Webseite gelangt\n\tsind,\n\t<\/li><li>\n\n\tDatum und Uhrzeit des Abrufs unserer Webseite,\n\t<\/li><li>\n\n\tName der von Ihnen abgerufenen Unterseiten,\n\t<\/li><li>\n\n\tIP-Adresse Ihres Computersystems,\n\t<\/li><li>\n\n\tJeweils \u00fcbertragene Datenmenge.\n<\/li><\/ul>\n\n\n\n<p>Die\nerhobenen Daten werden ausschlie\u00dflich f\u00fcr statistische Auswertungen\nzum Zweck des Betriebs, der Sicherheit und der Optimierung des\nAngebotes verwendet. Aus Sicherheitsgr\u00fcnden behalten wir uns jedoch\nvor, die Protokolldaten nachtr\u00e4glich zu \u00fcberpr\u00fcfen, wenn aufgrund\nkonkreter Anhaltspunkte der berechtigte Verdacht einer rechtswidrigen\nNutzung besteht. Eine L\u00f6schung dieser Daten erfolgt sp\u00e4testens nach\n7 Tagen. Diese Erhebung erfolgt\nauf Grundlage unserer berechtigten Interessen gem\u00e4\u00df Art. 6 Abs. 1\nlit. f EU DS-GVO.<\/p>\n\n\n\n<h4>Cookies<\/h4>\n\n\n\n<p>Wir\nsetzen in einigen Bereichen der Webseite so genannte Cookies ein, um\nPr\u00e4ferenzen der Besucher zu erkennen und die Webseite entsprechend\noptimal und attraktiv gestalten zu k\u00f6nnen. Dies erm\u00f6glicht eine\nErleichterung der Navigation und ein hohes Ma\u00df an\nBenutzerfreundlichkeit der Webseite. Die Verarbeitung durch Cookies\nstellt ein berechtigtes Interesse gem\u00e4\u00df Art. 6 Abs. 1 lit. f EU\nDS-GVO dar (Interesse an der Analyse, Optimierung und\nwirtschaftlichem Betrieb unseres Onlineangebots).<\/p>\n\n\n\n<p>Cookies\nsind kleine Textdateien, die Ihr Browser automatisch erstellt und die\nauf Ihrem Endger\u00e4t gespeichert werden, wenn Sie unsere Webseite\nbesuchen. Cookies richten auf Ihrem Rechner keinen Schaden an und\nenthalten keine Viren. Die meisten der von uns verwendeten Cookies\nwerden nach Ende der Browser-Sitzung wieder gel\u00f6scht (sog.\nSessioncookies). Andere Cookies verbleiben auf Ihrem Rechner und\nerm\u00f6glichen es uns, Ihren Rechner beim n\u00e4chsten Besuch wieder zu\nerkennen (sog. dauerhafte bzw. session\u00fcbergreifende Cookies). Dank\ndieser Dateien ist es beispielsweise m\u00f6glich, dass Sie speziell auf\nIhre Interessen abgestimmte Informationen auf der Seite angezeigt\nbekommen.<\/p>\n\n\n\n<p>Sie\nk\u00f6nnen Ihren Browser so einstellen, dass er Sie \u00fcber die\nPlatzierung von Cookies informiert. So wird der Gebrauch von Cookies\nf\u00fcr Sie transparent. Wenn Sie die Nutzung von Cookies v\u00f6llig\nausschlie\u00dfen, k\u00f6nnen Sie einzelne Funktionen dieser Webseite\nm\u00f6glicherweise nicht verwenden. \n<\/p>\n\n\n\n<h4>Sicherheit Ihrer Daten<\/h4>\n\n\n\n<p>Wir\nsetzen technische und organisatorische Sicherheitsma\u00dfnahmen ein, um\ndie von Ihnen zur Verf\u00fcgung gestellten Daten vor zuf\u00e4lligen oder\nvors\u00e4tzlichen Manipulationen, Verlust, Zerst\u00f6rung oder dem Zugriff\nunberechtigter Personen angemessen zu sch\u00fctzen. Wir nutzen daher f\u00fcr\ndie \u00dcbertragung vertraulicher Inhalte, wie z. B. Anfragen, die Sie\nan uns als Seitenbetreiber senden, eine SSL-Verschl\u00fcsselung. Eine\nverschl\u00fcsselte Verbindung erkennen Sie daran, dass die Adresszeile\ndes Browsers von &#8222;http:\/\/&#8220; auf &#8222;https:\/\/&#8220;\nwechselt sowie an dem Schloss-Symbol in Ihrer Browserzeile. Wenn die\nSSL Verschl\u00fcsselung aktiviert ist, k\u00f6nnen die Daten, die Sie an uns\n\u00fcbermitteln, nicht von Dritten mitgelesen werden. Unsere\nSicherheitsma\u00dfnahmen werden entsprechend dem Stand der Technik\nweiterentwickelt.<\/p>\n\n\n\n<h3>Kontaktaufnahme<\/h3>\n\n\n\n<p>Wenn\nSie mit uns Kontakt aufnehmen (z. B. per Kontaktformular, E-Mail,\nTelefon, sozialen Medien), werden Ihre personenbezogenen Angaben\nzwecks Bearbeitung der Anfrage und ggf. damit verbundene\nAnschlussfragen gem\u00e4\u00df Art. 6 Abs. 1 lit. b EU DS-GVO (im Rahmen\nvor-\/vertraglicher Ma\u00dfnahmen) oder gem\u00e4\u00df Art. 6 Abs. 1 lit. f EU\nDS-GVO (allg. Anfragen) bei uns gespeichert und verarbeitet. Diese\nDaten geben wir nicht ohne Ihre jeweilige Einwilligung weiter.<\/p>\n\n\n\n<p>Die\nvon Ihnen angegebenen Daten verbleiben bei uns, bis Sie uns zur\nL\u00f6schung auffordern, der Speicherung widersprechen oder der Zweck\nf\u00fcr die Datenspeicherung entf\u00e4llt (d. h. nach abgeschlossener\nBearbeitung Ihrer Anfrage), sofern dem keine gesetzlichen\nAufbewahrungspflichten entgegenstehen.<\/p>\n\n\n\n<h3>Umgang mit Visitenkarten<\/h3>\n\n\n\n<p>Im\nRahmen der Entgegennahme von Visitenkarten werden Ihre\npersonenbezogenen Angaben zwecks sp\u00e4terer Kontaktaufnahme gem\u00e4\u00df\nArt. 6 Abs. 1 lit. b EU DS-GVO (im Rahmen vor-\/vertraglicher\nMa\u00dfnahmen) oder gem\u00e4\u00df Art. 6 Abs. 1 lit. f EU DS-GVO (allg.\nKommunikation) bei uns gespeichert und verarbeitet. Diese Daten geben\nwir nicht ohne Ihre Einwilligung weiter.<\/p>\n\n\n\n<p>Die\nvon Ihnen auf der Visitenkarte angegebenen Daten verbleiben bei uns,\nbis Sie uns zur L\u00f6schung auffordern oder der Speicherung\nwidersprechen, sofern dem keine gesetzlichen Aufbewahrungspflichten\nentgegenstehen. \n<\/p>\n\n\n\n<h3>Umgang mit Foto- und Videoaufnahmen<\/h3>\n\n\n\n<p>Soweit\nSie uns Ihre Einwilligung zur Erstellung und Ver\u00f6ffentlichung von\nFoto- bzw. Videoaufnahmen Ihrer Person erteilt haben, erfolgt dies zu\nZwecken der Repr\u00e4sentation des Unternehmens. Die Ver\u00f6ffentlichung\nbezieht sich dabei auf unsere Unternehmenskommunikation in der\nPresse, auf unserer Webseite und auf unseren firmeneigenen Social\nMedia Seiten sowie in Printmedien (Flyer, Brosch\u00fcren, etc.). Eine\nWeitergabe erfolgt innerhalb der Unternehmung, an beauftragte\nDruckdienstleister und Werbeagenturen sowie der Ver\u00f6ffentlichung im\nInternet. Eine zus\u00e4tzliche Weitergabe erfolgt ohne eine Zustimmung\nIhrerseits nicht. Eine L\u00f6schung Ihrer Daten erfolgt nach Widerruf\nIhrer Einwilligung. \n<\/p>\n\n\n\n<p>Sie\nhaben jederzeit gem\u00e4\u00df Art. 7 Abs. 3 EU DS-GVO die M\u00f6glichkeit,\nIhre Einwilligung ohne f\u00fcr Sie nachteilige Folgen und mit Wirkung\nf\u00fcr die Zukunft schriftlich zu widerrufen. Bitte wenden Sie sich\ndiesbez\u00fcglich an die unten angegebene zentrale\nDatenschutz-Kontakt-Adresse.<\/p>\n\n\n\n<h3>Bewerbermanagement<\/h3>\n\n\n\n<p>Die\nim Rahmen des Bewerbungsverfahrens \u00fcbermittelten Daten werden f\u00fcr\ndie Zwecke der Bewerbungsabwicklung verwendet. Auf die von Ihnen\nangegebenen Daten erhalten im Rahmen des Bewerbungsprozesses\nMitarbeiter der Personalabteilung und die jeweils in der\nAusschreibung genannte Stelle Zugriff. Die Beteiligten sind\nausdr\u00fccklich auf die Vertraulichkeit verpflichtet worden. Ihre Daten\nwerden streng vertraulich behandelt und nicht ohne Ihre jeweilige\nEinwilligung an Dritte weitergegeben. Sofern Sie Ihre Einwilligung in\ndie Bewerberdatenverarbeitung widerrufen m\u00f6chten, senden Sie bitte\neine E-Mail mit entsprechendem Hinweis an <a href=\"mailto:datenschutz@musterfirma.de\">die<\/a>\nunten angegebene Kontaktadresse. Die L\u00f6schung Ihrer\nBewerbungsdaten erfolgt 180 Tage nach Besetzung der Stelle. Die\nVerarbeitung erfolgt auf Grundlage von Art. 88 EU DS-GVO i. V. m. \u00a7\n26 BDSG-neu.<\/p>\n\n\n\n<p>Werden\nim Rahmen des Bewerbungsverfahrens freiwillig besondere Kategorien\nvon personenbezogenen Daten im Sinne des Art. 9 Abs. 1 EU DS-GVO\nmitgeteilt, erfolgt deren Verarbeitung zus\u00e4tzlich nach Art. 9 Abs. 2\nlit. b EU DS-GVO.<\/p>\n\n\n\n<h3>Analyse-Tools<\/h3>\n\n\n\n<p>Die\nim Folgenden aufgef\u00fchrten und von uns eingesetzten Analyse-Ma\u00dfnahmen\nwerden auf Grundlage des Art. 6 Abs. 1 lit. f EU DS-GVO durchgef\u00fchrt.\nMit dem Einsatz dieser Analyse-Ma\u00dfnahmen wollen wir eine\nbedarfsgerechte Gestaltung und die fortlaufende Optimierung unserer\nWebseite sicherstellen. Mittels der Analyse-Tools erfassen wir\npseudonymisiert die Nutzung unserer Webseite und werten diese zum\nZwecke der Optimierung unseres Angebotes aus.<\/p>\n\n\n\n<p>Die\njeweiligen Widerspruchsm\u00f6glichkeiten sind bei den entsprechenden\nAnalyse-Tools dargestellt.<\/p>\n\n\n\n<h4>Google Analytics<\/h4>\n\n\n\n<p>Diese\nWebseite nutzt Funktionen des Webanalysedienstes Google Analytics.\nAnbieter ist die Google Ireland Limited, Gordon\nHouse, Barrow Street, Dublin 4 Irland. Google Analytics\nverwendet so genannte &#8222;Cookies&#8220;. Das sind Textdateien, die\nauf Ihrem Computer gespeichert werden und eine Analyse der Benutzung\nder Webseite durch Sie erm\u00f6glichen. Eine L\u00f6schung der Nutzer- und\nEreignisdaten erfolgt automatisch nach 14 Monaten.<\/p>\n\n\n\n<p><strong>IP-Anonymisierung<\/strong><\/p>\n\n\n\n<p>Wir\nhaben auf dieser Webseite die Funktion IP-Anonymisierung aktiviert.\nDadurch wird Ihre IP-Adresse von Google innerhalb von Mitgliedstaaten\nder Europ\u00e4ischen Union oder in anderen Vertragsstaaten des Abkommens\n\u00fcber den Europ\u00e4ischen Wirtschaftsraum vor der \u00dcbermittlung in die\nUSA gek\u00fcrzt. Nur in Ausnahmef\u00e4llen wird die volle IP-Adresse an\neinen Server von Google in den USA \u00fcbertragen und dort gek\u00fcrzt.\nGoogle verwendet diese Informationen, um Ihre Nutzung der Webseite\nauszuwerten, um Reports \u00fcber die Webseitenaktivit\u00e4ten\nzusammenzustellen und um weitere mit der Webseiten- und\nInternetnutzung verbundene Dienstleistungen gegen\u00fcber uns zu\nerbringen. Die im Rahmen von Google Analytics von Ihrem Browser\n\u00fcbermittelte IP-Adresse wird nicht mit anderen Daten von Google\nzusammengef\u00fchrt.<\/p>\n\n\n\n<p><strong>Browser Plugin \/ Widerspruch gegen die Datenerfassung<\/strong><\/p>\n\n\n\n<p>Sie\nk\u00f6nnen die Speicherung der Cookies durch eine entsprechende\nEinstellung Ihrer Browser-Software verhindern; wir weisen Sie jedoch\ndarauf hin, dass Sie in diesem Fall gegebenenfalls nicht s\u00e4mtliche\nFunktionen dieser Webseite vollumf\u00e4nglich werden nutzen k\u00f6nnen. Sie\nk\u00f6nnen dar\u00fcber hinaus die Erfassung der durch den Cookie erzeugten\nund auf Ihre Nutzung der Webseite bezogenen Daten (inkl. Ihrer\nIP-Adresse) an Google sowie die Verarbeitung dieser Daten durch\nGoogle verhindern, indem Sie das unter dem folgenden Link verf\u00fcgbare\nBrowser-Plugin herunterladen und installieren:\n<a href=\"https:\/\/tools.google.com\/dlpage\/gaoptout?hl=de\">https:\/\/tools.google.com\/dlpage\/gaoptout?hl=de<\/a>\n<\/p>\n\n\n\n<p>Alternativ zum Browser-Plug-In, insbesondere bei Browsern auf mobilen Endger\u00e4ten, k\u00f6nnen Sie die Erfassung durch Google Analytics zudem verhindern, indem Sie auf <em><a href=\"javascript:gaOptout();\">diesen Link<\/a><\/em> klicken. Es wird ein Opt-out-Cookie gesetzt, das die zuk\u00fcnftige Erfassung Ihrer Daten beim Besuch dieser Webseite verhindert. Der Opt-Out-Cookie gilt nur in diesem Browser und nur f\u00fcr unsere Website und wird auf Ihrem Ger\u00e4t abgelegt. L\u00f6schen Sie die Cookies in diesem Browser, m\u00fcssen Sie das Opt-Out-Cookie erneut setzen.<\/p>\n\n\n\n<p>Mehr\nInformationen zum Umgang mit Nutzerdaten bei Google Analytics finden\nSie in der Datenschutzerkl\u00e4rung von Google:\n<a href=\"https:\/\/support.google.com\/analytics\/answer\/6004245?hl=de\">https:\/\/support.google.com\/analytics\/answer\/6004245?hl=de<\/a>\nGoogle ist zudem unter dem Privacy-Shield-Abkommen zertifiziert und\nbietet hierdurch eine Garantie, das europ\u00e4ische Datenschutzrecht\neinzuhalten\n(<a href=\"https:\/\/www.privacyshield.gov\/participant?id=a2zt000000001L5AAI&amp;status=Active\">https:\/\/www.privacyshield.gov\/participant?id=a2zt000000001L5AAI&amp;status=Active<\/a>).<\/p>\n\n\n\n<p><strong>Auftragsdatenverarbeitung<\/strong><\/p>\n\n\n\n<p>Wir\nhaben mit Google einen Vertrag zur Auftragsdatenverarbeitung\nabgeschlossen und setzen die strengen Vorgaben der deutschen\nDatenschutzbeh\u00f6rden bei der Nutzung von Google Analytics vollst\u00e4ndig\num.<\/p>\n\n\n\n<h3>Minderj\u00e4hrige<\/h3>\n\n\n\n<p>Wir\nrichten uns bei unserem Online-Angebot grunds\u00e4tzlich an vollj\u00e4hrige\nPersonen. Pers\u00f6nliche Informationen von Personen, die das 16.\nLebensjahr noch nicht vollendet haben, d\u00fcrfen uns nur dann zur\nVerf\u00fcgung gestellt werden, wenn das ausdr\u00fcckliche Einverst\u00e4ndnis\ndes Erziehungsberechtigten vorliegt (Art. 8 EU DS-GVO). Eine\nVerarbeitung ohne Zustimmung der Erziehungsberechtigten ist nicht\nzul\u00e4ssig. Wir behalten uns daher das Recht vor, alle Daten bez\u00fcglich\nminderj\u00e4hriger Personen zu l\u00f6schen, soweit uns keine Zustimmung\ndurch einen Erziehungsberechtigten vorliegt.<\/p>\n\n\n\n<h3>Ihre Rechte<\/h3>\n\n\n\n<p>Auf\nschriftliche Anfrage teilen wir Ihnen gem\u00e4\u00df Art. 15 EU DS-GVO\nentsprechend unserer gesetzlichen Verpflichtung nach Art. 12 EU\nDS-GVO mit, ob und welche personenbezogenen Daten von Ihnen durch uns\nverarbeitet bzw. gespeichert werden. Des Weiteren haben Sie das Recht\nauf Berichtigung unrichtiger Daten gem\u00e4\u00df Art. 16 EU DS-GVO,\nDaten\u00fcbertragbarkeit gem\u00e4\u00df Art. 20 EU DS-GVO, Sperrung und\nL\u00f6schung Ihrer personenbezogenen Daten gem\u00e4\u00df Art. 17 EU DS-GVO \u2013\nsofern keine gesetzlichen Aufbewahrungspflichten entgegenstehen \u2013\nsowie das Recht auf Einschr\u00e4nkung der Verarbeitung gem\u00e4\u00df Art. 18\nEU DS-GVO. Dar\u00fcber hinaus haben Sie das Recht, sich an die\nzust\u00e4ndige Aufsichtsbeh\u00f6rde nach Art. 77 EU DS-GVO zu wenden.<\/p>\n\n\n\n<h4>Zus\u00e4tzlich steht Ihnen das Recht auf Widerspruch gem\u00e4\u00df Art. 21 EU DS-GVO zu.  <\/h4>\n\n\n\n<p>Es\nbesteht selbstverst\u00e4ndlich jederzeit gem\u00e4\u00df Art. 7 Abs. 3 EU DS-GVO\ndie M\u00f6glichkeit, dass Sie Ihre Einwilligung uns gegen\u00fcber f\u00fcr die\nZukunft widerrufen. Daf\u00fcr wenden Sie sich bitte an die unten\nangegebene Kontaktadresse.<\/p>\n\n\n\n<p>Wenn\nSie Fragen hinsichtlich der Verarbeitung Ihrer pers\u00f6nlichen Daten\nhaben, k\u00f6nnen Sie sich direkt an uns wenden. Hier stehen wir Ihnen\nauch im Falle von Auskunftsersuchen, Anregungen oder Beschwerden zur\nVerf\u00fcgung.   \n<\/p>\n\n\n\n<p><strong>Datenschutzkontakt der<\/strong><br><strong>ALFRED Maritime GmbH<\/strong><br>Schlo\u00dfstra\u00dfe 8e<br>22041 Hamburg<br>E-Mail: privacy@alfred-maritime.com  <\/p>\n\n\n\n<h3>\u00c4nderung unserer Datenschutzerkl\u00e4rung<\/h3>\n\n\n\n<p>Um\nzu gew\u00e4hrleisten, dass unsere Datenschutzerkl\u00e4rung stets den\naktuellen gesetzlichen Vorgaben entspricht, behalten wir uns\njederzeit \u00c4nderungen vor. Das gilt auch f\u00fcr den Fall, dass die\nDatenschutzerkl\u00e4rung aufgrund neuer oder \u00fcberarbeiteter Leistungen,\nzum Beispiel neuer Serviceleistungen, angepasst werden muss.<\/p>\n\n\n\n<p>Stand:\nJuli 2019<\/p>\n","protected":false},"excerpt":{"rendered":"<p>Datenschutz\u00aderkl\u00e4rung Hinweis zur verantwort\u00adlichen Stelle: ALFRED Maritime GmbHSchlo\u00dfstra\u00dfe 8e22041 Hamburg Wir legen besonderen Wert auf den Schutz Ihrer personenbezogenen Daten. Ihre personenbezogenen Daten werden gem\u00e4\u00df den Datenschutzbestimmungen, insbesondere der Europ\u00e4ischen Datenschutz-Grundverordnung (EU DS-GVO) und dem Bundesdatenschutzgesetz (BDSG-neu) verarbeitet. Allgemeines zur Datenverarbeitung Die folgenden Informationen geben einen \u00dcberblick \u00fcber die Art, den Umfang und den Zweck [&hellip;]<\/p>\n","protected":false},"author":2,"featured_media":0,"parent":0,"menu_order":0,"comment_status":"closed","ping_status":"closed","template":"","meta":[],"acf":[],"yoast_head":"<!-- This site is optimized with the Yoast SEO plugin v18.7 - https:\/\/yoast.com\/wordpress\/plugins\/seo\/ -->\n<title>Datenschutz - ALFRED Maritime GmbH<\/title>\n<meta name=\"robots\" content=\"noindex, follow, max-snippet:-1, max-image-preview:large, max-video-preview:-1\" \/>\n<meta property=\"og:locale\" content=\"de_DE\" \/>\n<meta property=\"og:type\" content=\"article\" \/>\n<meta property=\"og:title\" content=\"Datenschutz - ALFRED Maritime GmbH\" \/>\n<meta property=\"og:description\" content=\"Datenschutz\u00aderkl\u00e4rung Hinweis zur verantwort\u00adlichen Stelle: ALFRED Maritime GmbHSchlo\u00dfstra\u00dfe 8e22041 Hamburg Wir legen besonderen Wert auf den Schutz Ihrer personenbezogenen Daten. Ihre personenbezogenen Daten werden gem\u00e4\u00df den Datenschutzbestimmungen, insbesondere der Europ\u00e4ischen Datenschutz-Grundverordnung (EU DS-GVO) und dem Bundesdatenschutzgesetz (BDSG-neu) verarbeitet. Allgemeines zur Datenverarbeitung Die folgenden Informationen geben einen \u00dcberblick \u00fcber die Art, den Umfang und den Zweck [&hellip;]\" \/>\n<meta property=\"og:url\" content=\"https:\/\/dev-alfred.web1.osg.fi\/de\/datenschutz\/\" \/>\n<meta property=\"og:site_name\" content=\"ALFRED Maritime GmbH\" \/>\n<meta property=\"article:modified_time\" content=\"2019-08-09T17:49:50+00:00\" \/>\n<meta property=\"og:image\" content=\"https:\/\/dev-alfred.web1.osg.fi\/wp-content\/uploads\/2019\/08\/alfred-share-facebook.png\" \/>\n\t<meta property=\"og:image:width\" content=\"1200\" \/>\n\t<meta property=\"og:image:height\" content=\"630\" \/>\n\t<meta property=\"og:image:type\" content=\"image\/png\" \/>\n<meta name=\"twitter:card\" content=\"summary_large_image\" \/>\n<meta name=\"twitter:label1\" content=\"Gesch\u00e4tzte Lesezeit\" \/>\n\t<meta name=\"twitter:data1\" content=\"11\u00a0Minuten\" \/>\n<script type=\"application\/ld+json\" class=\"yoast-schema-graph\">{\"@context\":\"https:\/\/schema.org\",\"@graph\":[{\"@type\":\"WebSite\",\"@id\":\"https:\/\/dev-alfred.web1.osg.fi\/#website\",\"url\":\"https:\/\/dev-alfred.web1.osg.fi\/\",\"name\":\"ALFRED Maritime GmbH\",\"description\":\"Digitalising the Maritime Industry.\",\"potentialAction\":[{\"@type\":\"SearchAction\",\"target\":{\"@type\":\"EntryPoint\",\"urlTemplate\":\"https:\/\/dev-alfred.web1.osg.fi\/?s={search_term_string}\"},\"query-input\":\"required name=search_term_string\"}],\"inLanguage\":\"de\"},{\"@type\":\"WebPage\",\"@id\":\"https:\/\/dev-alfred.web1.osg.fi\/de\/datenschutz\/#webpage\",\"url\":\"https:\/\/dev-alfred.web1.osg.fi\/de\/datenschutz\/\",\"name\":\"Datenschutz - ALFRED Maritime GmbH\",\"isPartOf\":{\"@id\":\"https:\/\/dev-alfred.web1.osg.fi\/#website\"},\"datePublished\":\"2019-07-23T07:24:39+00:00\",\"dateModified\":\"2019-08-09T17:49:50+00:00\",\"breadcrumb\":{\"@id\":\"https:\/\/dev-alfred.web1.osg.fi\/de\/datenschutz\/#breadcrumb\"},\"inLanguage\":\"de\",\"potentialAction\":[{\"@type\":\"ReadAction\",\"target\":[\"https:\/\/dev-alfred.web1.osg.fi\/de\/datenschutz\/\"]}]},{\"@type\":\"BreadcrumbList\",\"@id\":\"https:\/\/dev-alfred.web1.osg.fi\/de\/datenschutz\/#breadcrumb\",\"itemListElement\":[{\"@type\":\"ListItem\",\"position\":1,\"name\":\"Home\",\"item\":\"https:\/\/dev-alfred.web1.osg.fi\/de\/\"},{\"@type\":\"ListItem\",\"position\":2,\"name\":\"Datenschutz\"}]}]}<\/script>\n<!-- \/ Yoast SEO plugin. -->","yoast_head_json":{"title":"Datenschutz - ALFRED Maritime GmbH","robots":{"index":"noindex","follow":"follow","max-snippet":"max-snippet:-1","max-image-preview":"max-image-preview:large","max-video-preview":"max-video-preview:-1"},"og_locale":"de_DE","og_type":"article","og_title":"Datenschutz - ALFRED Maritime GmbH","og_description":"Datenschutz\u00aderkl\u00e4rung Hinweis zur verantwort\u00adlichen Stelle: ALFRED Maritime GmbHSchlo\u00dfstra\u00dfe 8e22041 Hamburg Wir legen besonderen Wert auf den Schutz Ihrer personenbezogenen Daten. Ihre personenbezogenen Daten werden gem\u00e4\u00df den Datenschutzbestimmungen, insbesondere der Europ\u00e4ischen Datenschutz-Grundverordnung (EU DS-GVO) und dem Bundesdatenschutzgesetz (BDSG-neu) verarbeitet. Allgemeines zur Datenverarbeitung Die folgenden Informationen geben einen \u00dcberblick \u00fcber die Art, den Umfang und den Zweck [&hellip;]","og_url":"https:\/\/dev-alfred.web1.osg.fi\/de\/datenschutz\/","og_site_name":"ALFRED Maritime GmbH","article_modified_time":"2019-08-09T17:49:50+00:00","og_image":[{"width":1200,"height":630,"url":"https:\/\/dev-alfred.web1.osg.fi\/wp-content\/uploads\/2019\/08\/alfred-share-facebook.png","type":"image\/png"}],"twitter_card":"summary_large_image","twitter_misc":{"Gesch\u00e4tzte Lesezeit":"11\u00a0Minuten"},"schema":{"@context":"https:\/\/schema.org","@graph":[{"@type":"WebSite","@id":"https:\/\/dev-alfred.web1.osg.fi\/#website","url":"https:\/\/dev-alfred.web1.osg.fi\/","name":"ALFRED Maritime GmbH","description":"Digitalising the Maritime Industry.","potentialAction":[{"@type":"SearchAction","target":{"@type":"EntryPoint","urlTemplate":"https:\/\/dev-alfred.web1.osg.fi\/?s={search_term_string}"},"query-input":"required name=search_term_string"}],"inLanguage":"de"},{"@type":"WebPage","@id":"https:\/\/dev-alfred.web1.osg.fi\/de\/datenschutz\/#webpage","url":"https:\/\/dev-alfred.web1.osg.fi\/de\/datenschutz\/","name":"Datenschutz - ALFRED Maritime GmbH","isPartOf":{"@id":"https:\/\/dev-alfred.web1.osg.fi\/#website"},"datePublished":"2019-07-23T07:24:39+00:00","dateModified":"2019-08-09T17:49:50+00:00","breadcrumb":{"@id":"https:\/\/dev-alfred.web1.osg.fi\/de\/datenschutz\/#breadcrumb"},"inLanguage":"de","potentialAction":[{"@type":"ReadAction","target":["https:\/\/dev-alfred.web1.osg.fi\/de\/datenschutz\/"]}]},{"@type":"BreadcrumbList","@id":"https:\/\/dev-alfred.web1.osg.fi\/de\/datenschutz\/#breadcrumb","itemListElement":[{"@type":"ListItem","position":1,"name":"Home","item":"https:\/\/dev-alfred.web1.osg.fi\/de\/"},{"@type":"ListItem","position":2,"name":"Datenschutz"}]}]}},"_links":{"self":[{"href":"https:\/\/dev-alfred.web1.osg.fi\/de\/wp-json\/wp\/v2\/pages\/92"}],"collection":[{"href":"https:\/\/dev-alfred.web1.osg.fi\/de\/wp-json\/wp\/v2\/pages"}],"about":[{"href":"https:\/\/dev-alfred.web1.osg.fi\/de\/wp-json\/wp\/v2\/types\/page"}],"author":[{"embeddable":true,"href":"https:\/\/dev-alfred.web1.osg.fi\/de\/wp-json\/wp\/v2\/users\/2"}],"replies":[{"embeddable":true,"href":"https:\/\/dev-alfred.web1.osg.fi\/de\/wp-json\/wp\/v2\/comments?post=92"}],"version-history":[{"count":26,"href":"https:\/\/dev-alfred.web1.osg.fi\/de\/wp-json\/wp\/v2\/pages\/92\/revisions"}],"predecessor-version":[{"id":331,"href":"https:\/\/dev-alfred.web1.osg.fi\/de\/wp-json\/wp\/v2\/pages\/92\/revisions\/331"}],"wp:attachment":[{"href":"https:\/\/dev-alfred.web1.osg.fi\/de\/wp-json\/wp\/v2\/media?parent=92"}],"curies":[{"name":"wp","href":"https:\/\/api.w.org\/{rel}","templated":true}]}}