{"id":88,"date":"2019-07-23T07:22:32","date_gmt":"2019-07-23T07:22:32","guid":{"rendered":"https:\/\/alfred-maritime.com\/?page_id=88"},"modified":"2020-01-21T11:53:27","modified_gmt":"2020-01-21T09:53:27","slug":"impressum","status":"publish","type":"page","link":"https:\/\/dev-alfred.web1.osg.fi\/de\/impressum\/","title":{"rendered":"Impressum"},"content":{"rendered":"\n<h2>Impressum.<\/h2>\n\n\n\n<p class=\"has-text-align-center nojustify\"> ALFRED Maritime GmbH<br>c\/o WeWork<br>Hermannstra\u00dfe 13<br>20095 Hamburg<br>Deutschland<\/p>\n\n\n\n<p class=\"has-text-align-center nojustify\">Tel.: <a href=\"tel:+4940809081272\">040 809 081 272<\/a><br>E-Mail.: <a href=\"mailto:info@alfred-maritime.com\">info@alfred-maritime.com<\/a><\/p>\n\n\n\n<p class=\"has-text-align-center nojustify\">Gesch\u00e4ftsf\u00fchrer: Dr. Paul Meyer<\/p>\n\n\n\n<p class=\"has-text-align-center nojustify\">Amtsgericht Hamburg HRB 157769<br>Ust.IdNr.: DE286499152<\/p>\n","protected":false},"excerpt":{"rendered":"<p>Impressum. ALFRED Maritime GmbHc\/o WeWorkHermannstra\u00dfe 1320095 HamburgDeutschland Tel.: 040 809 081 272E-Mail.: info@alfred-maritime.com Gesch\u00e4ftsf\u00fchrer: Dr. Paul Meyer Amtsgericht Hamburg HRB 157769Ust.IdNr.: DE286499152<\/p>\n","protected":false},"author":2,"featured_media":0,"parent":0,"menu_order":0,"comment_status":"closed","ping_status":"closed","template":"","meta":[],"acf":[],"yoast_head":"<!-- This site is optimized with the Yoast SEO plugin v18.7 - https:\/\/yoast.com\/wordpress\/plugins\/seo\/ -->\n<title>Impressum - ALFRED Maritime GmbH<\/title>\n<meta name=\"robots\" content=\"noindex, follow, max-snippet:-1, max-image-preview:large, max-video-preview:-1\" \/>\n<meta property=\"og:locale\" content=\"de_DE\" \/>\n<meta property=\"og:type\" content=\"article\" \/>\n<meta property=\"og:title\" content=\"Impressum - ALFRED Maritime GmbH\" \/>\n<meta property=\"og:description\" content=\"Impressum. ALFRED Maritime GmbHc\/o WeWorkHermannstra\u00dfe 1320095 HamburgDeutschland Tel.: 040 809 081 272E-Mail.: info@alfred-maritime.com Gesch\u00e4ftsf\u00fchrer: Dr. Paul Meyer Amtsgericht Hamburg HRB 157769Ust.IdNr.: DE286499152\" \/>\n<meta property=\"og:url\" content=\"https:\/\/dev-alfred.web1.osg.fi\/de\/impressum\/\" \/>\n<meta property=\"og:site_name\" content=\"ALFRED Maritime GmbH\" \/>\n<meta property=\"article:modified_time\" content=\"2020-01-21T09:53:27+00:00\" \/>\n<meta property=\"og:image\" content=\"https:\/\/dev-alfred.web1.osg.fi\/wp-content\/uploads\/2019\/08\/alfred-share-facebook.png\" \/>\n\t<meta property=\"og:image:width\" content=\"1200\" \/>\n\t<meta property=\"og:image:height\" content=\"630\" \/>\n\t<meta property=\"og:image:type\" content=\"image\/png\" \/>\n<meta name=\"twitter:card\" content=\"summary_large_image\" \/>\n<script type=\"application\/ld+json\" class=\"yoast-schema-graph\">{\"@context\":\"https:\/\/schema.org\",\"@graph\":[{\"@type\":\"WebSite\",\"@id\":\"https:\/\/dev-alfred.web1.osg.fi\/#website\",\"url\":\"https:\/\/dev-alfred.web1.osg.fi\/\",\"name\":\"ALFRED Maritime GmbH\",\"description\":\"Digitalising the Maritime Industry.\",\"potentialAction\":[{\"@type\":\"SearchAction\",\"target\":{\"@type\":\"EntryPoint\",\"urlTemplate\":\"https:\/\/dev-alfred.web1.osg.fi\/?s={search_term_string}\"},\"query-input\":\"required name=search_term_string\"}],\"inLanguage\":\"de\"},{\"@type\":\"WebPage\",\"@id\":\"https:\/\/dev-alfred.web1.osg.fi\/de\/impressum\/#webpage\",\"url\":\"https:\/\/dev-alfred.web1.osg.fi\/de\/impressum\/\",\"name\":\"Impressum - ALFRED Maritime GmbH\",\"isPartOf\":{\"@id\":\"https:\/\/dev-alfred.web1.osg.fi\/#website\"},\"datePublished\":\"2019-07-23T07:22:32+00:00\",\"dateModified\":\"2020-01-21T09:53:27+00:00\",\"breadcrumb\":{\"@id\":\"https:\/\/dev-alfred.web1.osg.fi\/de\/impressum\/#breadcrumb\"},\"inLanguage\":\"de\",\"potentialAction\":[{\"@type\":\"ReadAction\",\"target\":[\"https:\/\/dev-alfred.web1.osg.fi\/de\/impressum\/\"]}]},{\"@type\":\"BreadcrumbList\",\"@id\":\"https:\/\/dev-alfred.web1.osg.fi\/de\/impressum\/#breadcrumb\",\"itemListElement\":[{\"@type\":\"ListItem\",\"position\":1,\"name\":\"Home\",\"item\":\"https:\/\/dev-alfred.web1.osg.fi\/de\/\"},{\"@type\":\"ListItem\",\"position\":2,\"name\":\"Impressum\"}]}]}<\/script>\n<!-- \/ Yoast SEO plugin. -->","yoast_head_json":{"title":"Impressum - ALFRED Maritime GmbH","robots":{"index":"noindex","follow":"follow","max-snippet":"max-snippet:-1","max-image-preview":"max-image-preview:large","max-video-preview":"max-video-preview:-1"},"og_locale":"de_DE","og_type":"article","og_title":"Impressum - ALFRED Maritime GmbH","og_description":"Impressum. ALFRED Maritime GmbHc\/o WeWorkHermannstra\u00dfe 1320095 HamburgDeutschland Tel.: 040 809 081 272E-Mail.: info@alfred-maritime.com Gesch\u00e4ftsf\u00fchrer: Dr. Paul Meyer Amtsgericht Hamburg HRB 157769Ust.IdNr.: DE286499152","og_url":"https:\/\/dev-alfred.web1.osg.fi\/de\/impressum\/","og_site_name":"ALFRED Maritime GmbH","article_modified_time":"2020-01-21T09:53:27+00:00","og_image":[{"width":1200,"height":630,"url":"https:\/\/dev-alfred.web1.osg.fi\/wp-content\/uploads\/2019\/08\/alfred-share-facebook.png","type":"image\/png"}],"twitter_card":"summary_large_image","schema":{"@context":"https:\/\/schema.org","@graph":[{"@type":"WebSite","@id":"https:\/\/dev-alfred.web1.osg.fi\/#website","url":"https:\/\/dev-alfred.web1.osg.fi\/","name":"ALFRED Maritime GmbH","description":"Digitalising the Maritime Industry.","potentialAction":[{"@type":"SearchAction","target":{"@type":"EntryPoint","urlTemplate":"https:\/\/dev-alfred.web1.osg.fi\/?s={search_term_string}"},"query-input":"required name=search_term_string"}],"inLanguage":"de"},{"@type":"WebPage","@id":"https:\/\/dev-alfred.web1.osg.fi\/de\/impressum\/#webpage","url":"https:\/\/dev-alfred.web1.osg.fi\/de\/impressum\/","name":"Impressum - ALFRED Maritime GmbH","isPartOf":{"@id":"https:\/\/dev-alfred.web1.osg.fi\/#website"},"datePublished":"2019-07-23T07:22:32+00:00","dateModified":"2020-01-21T09:53:27+00:00","breadcrumb":{"@id":"https:\/\/dev-alfred.web1.osg.fi\/de\/impressum\/#breadcrumb"},"inLanguage":"de","potentialAction":[{"@type":"ReadAction","target":["https:\/\/dev-alfred.web1.osg.fi\/de\/impressum\/"]}]},{"@type":"BreadcrumbList","@id":"https:\/\/dev-alfred.web1.osg.fi\/de\/impressum\/#breadcrumb","itemListElement":[{"@type":"ListItem","position":1,"name":"Home","item":"https:\/\/dev-alfred.web1.osg.fi\/de\/"},{"@type":"ListItem","position":2,"name":"Impressum"}]}]}},"_links":{"self":[{"href":"https:\/\/dev-alfred.web1.osg.fi\/de\/wp-json\/wp\/v2\/pages\/88"}],"collection":[{"href":"https:\/\/dev-alfred.web1.osg.fi\/de\/wp-json\/wp\/v2\/pages"}],"about":[{"href":"https:\/\/dev-alfred.web1.osg.fi\/de\/wp-json\/wp\/v2\/types\/page"}],"author":[{"embeddable":true,"href":"https:\/\/dev-alfred.web1.osg.fi\/de\/wp-json\/wp\/v2\/users\/2"}],"replies":[{"embeddable":true,"href":"https:\/\/dev-alfred.web1.osg.fi\/de\/wp-json\/wp\/v2\/comments?post=88"}],"version-history":[{"count":13,"href":"https:\/\/dev-alfred.web1.osg.fi\/de\/wp-json\/wp\/v2\/pages\/88\/revisions"}],"predecessor-version":[{"id":458,"href":"https:\/\/dev-alfred.web1.osg.fi\/de\/wp-json\/wp\/v2\/pages\/88\/revisions\/458"}],"wp:attachment":[{"href":"https:\/\/dev-alfred.web1.osg.fi\/de\/wp-json\/wp\/v2\/media?parent=88"}],"curies":[{"name":"wp","href":"https:\/\/api.w.org\/{rel}","templated":true}]}}