{"id":80,"date":"2019-07-22T06:33:09","date_gmt":"2019-07-22T03:33:09","guid":{"rendered":"https:\/\/alfred-maritime.com\/?page_id=80"},"modified":"2021-10-28T15:23:29","modified_gmt":"2021-10-28T12:23:29","slug":"startseite","status":"publish","type":"page","link":"https:\/\/dev-alfred.web1.osg.fi\/de\/","title":{"rendered":"Startseite"},"content":{"rendered":"\n<div class=\"alfred-title\">\n    <div class=\"row\">\n        <div class=\"col-md-12\">\n            <h1>Bewirb Dich und revolutioniere mit uns die Schifffahrt\u00adindustrie!<\/h1>\n        <\/div>\n    <\/div>\n<\/div>\n\n\n\n<p class=\"has-text-align-center alfred-link-buttons-wrapper nojustify\"><a href=\"mailto:info@alfred-maritime.com\">Contact us<\/a><\/p>\n\n\n\n<p>&nbsp;<\/p>\n\n\n\n<h2 id=\"About\">About<\/h2>\n\n\n\n<p>ALFRED Maritime GmbH ist ein digitales Unter\u00adnehmen, welches 2019 in Hamburg gegr\u00fcndet wur\u00adde. Unser kleines, aber hoch\u00adspe\u00adzialisiertes Team ar\u00adbeitet daran die Schiff\u00adfahrt durch Digita\u00adlisierung, Internet der Dinge und K\u00fcnstliche Intelligenz zu revo\u00adlutionieren. Du magst uns als Daten\u2010Butler be\u00adgrei\u00adfen, die die Intelligenz f\u00fcr gr\u00fcnere Schiffe der n\u00e4chs\u00adten Generation be\u00adreit\u00adstellen.<\/p>\n\n\n\n<p>Bei ALFRED, leben und atmen wir den Agilen Spirit. Wir glauben, dass unsere St\u00e4rke in jedem Einzelnen und im Team steckt. Wir f\u00fchlen uns einem kon\u00adtinuier\u00ad\u00adlichem, qua\u00adli\u00adtativ hoch\u00ad\u00adwert\u00adigem Software Produk\u00adtions\u00ad\u00adzyklus und schnellen Lieferungen von MVPs ver\u00adpflichtet. F\u00fcr uns ist es eine Genugtuung, wenn wir die Hypothesen des End\u00adkunden validieren k\u00f6n\u00adnen.<\/p>\n\n\n\n<p> &nbsp;<\/p>\n\n\n\n<h2 id=\"Mission\">Mission<\/h2>\n\n\n\n<p>Unsere Mission ist es, sicher\u00adzustellen, dass die modernen Schiffe nicht nur so energieeffizient wie m\u00f6glich gebaut, sondern auch so nachhaltig wie m\u00f6glich be\u00adtrieben werden.<\/p>\n\n\n\n<p>&nbsp; <\/p>\n\n\n\n<h2 id=\"Careers\">Careers<\/h2>\n\n\n\n<p>Was haben wir alle bei ALFRED gemeinsam? Wir alle wagen uns gerne an neue Technologien heran. Wir scheuen uns nicht davor, etwas v\u00f6llig Neues zu schaffen. Wir glauben, dass Arbeit wirklich Spa\u00df machen kann. Und wir alle wollen die Welt ein bisschen besser machen.<\/p>\n\n\n<div id=\"\" class=\"alfred-careers\">\n    <div class=\"row\">\n        <div class=\"col-md-12\">\n            <div class=\"careers-box\">\n\t\t\t\t<div class=\"single-career\">\n\t\t\t\t\t<a href=\"https:\/\/dev-alfred.web1.osg.fi\/de\/careers\/senior-iiot-solution-developer\/\" class=\"alfred-career-page-link\"><p class=\"career-sigle-title\">Senior IIoT Solution Developer<\/p><\/a>\n\t\t\t\t\t<div class=\"alfred-career-apply-area\">\n\t\t\t\t\t\t<a href=\"mailto:career@alfred-maritime.com\" class=\"alfred-career-apply-link\"><p>Apply.<\/p><\/a>\n\t\t\t\t\t<\/div>\n\t\t\t\t<\/div>\n\t\t\t\t<div class=\"single-career\">\n\t\t\t\t\t<a href=\"https:\/\/dev-alfred.web1.osg.fi\/de\/careers\/data-scientist-2\/\" class=\"alfred-career-page-link\"><p class=\"career-sigle-title\">Data Scientist<\/p><\/a>\n\t\t\t\t\t<div class=\"alfred-career-apply-area\">\n\t\t\t\t\t\t<a href=\"mailto:career@alfred-maritime.com\" class=\"alfred-career-apply-link\"><p>Apply.<\/p><\/a>\n\t\t\t\t\t<\/div>\n\t\t\t\t<\/div>\n\t\t\t\t<div class=\"single-career\">\n\t\t\t\t\t<a href=\"https:\/\/dev-alfred.web1.osg.fi\/de\/careers\/azure-iot-backend-developer\/\" class=\"alfred-career-page-link\"><p class=\"career-sigle-title\">Azure IoT Backend Developer<\/p><\/a>\n\t\t\t\t\t<div class=\"alfred-career-apply-area\">\n\t\t\t\t\t\t<a href=\"mailto:career@alfred-maritime.com\" class=\"alfred-career-apply-link\"><p>Apply.<\/p><\/a>\n\t\t\t\t\t<\/div>\n\t\t\t\t<\/div>\n\t\t\t\t<div class=\"single-career\">\n\t\t\t\t\t<a href=\"https:\/\/dev-alfred.web1.osg.fi\/de\/careers\/software-developer-web-technologies\/\" class=\"alfred-career-page-link\"><p class=\"career-sigle-title\">Software Developer Web Technologies<\/p><\/a>\n\t\t\t\t\t<div class=\"alfred-career-apply-area\">\n\t\t\t\t\t\t<a href=\"mailto:career@alfred-maritime.com\" class=\"alfred-career-apply-link\"><p>Apply.<\/p><\/a>\n\t\t\t\t\t<\/div>\n\t\t\t\t<\/div>\n            <\/div>\n        <\/div>\n    <\/div>\n<\/div>\n\n\n\n<p>Haben Sie oben nicht genau Ihre Traumstelle gefunden? Keine Sorge, wenn Sie das Gef\u00fchl haben, dass Sie ein wertvolles Teammitglied sein k\u00f6nnten, das wir noch nicht kennen, k\u00f6nnen Sie uns gerne kontaktieren, damit wir verstehen, warum wir Sie brauchen!<\/p>\n\n\n\n<p>  <\/p>\n\n\n\n<h2 id=\"Partners\">Partner<\/h2>\n\n\n\n<p>Wir freuen uns, unseren ersten Partner,  <a href=\"https:\/\/www.homeport.hamburg\/\">homePORT<\/a> aus Hamburg, Deutschland, vorstellen zu k\u00f6nnen.<\/p>\n\n\n\n<div class=\"wp-block-image\"><figure class=\"aligncenter size-large is-resized\"><a href=\"https:\/\/www.homeport.hamburg\/\"><img loading=\"lazy\" src=\"https:\/\/dev-alfred.web1.osg.fi\/wp-content\/uploads\/2021\/10\/homeport_Logo_color-1024x178.png\" alt=\"homePORT logo\" class=\"wp-image-521\" width=\"256\" height=\"45\" srcset=\"https:\/\/dev-alfred.web1.osg.fi\/wp-content\/uploads\/2021\/10\/homeport_Logo_color-1024x178.png 1024w, https:\/\/dev-alfred.web1.osg.fi\/wp-content\/uploads\/2021\/10\/homeport_Logo_color-300x52.png 300w, https:\/\/dev-alfred.web1.osg.fi\/wp-content\/uploads\/2021\/10\/homeport_Logo_color-768x133.png 768w, https:\/\/dev-alfred.web1.osg.fi\/wp-content\/uploads\/2021\/10\/homeport_Logo_color-1536x267.png 1536w, https:\/\/dev-alfred.web1.osg.fi\/wp-content\/uploads\/2021\/10\/homeport_Logo_color-2048x356.png 2048w\" sizes=\"(max-width: 256px) 100vw, 256px\" \/><\/a><\/figure><\/div>\n\n\n\n<p> Im Herzen des Hafens schafft <a href=\"https:\/\/www.homeport.hamburg\/\">homePORT<\/a>Freiraum f\u00fcr Kollaboration und Innovation, um Unternehmen, Start-ups, Universit\u00e4ten und Forschende zusammenzubringen. So m\u00f6chten wir gemeinsam schon heute den Hafen der Zukunft gestalten. <\/p>\n\n\n\n<p>&nbsp;<\/p>\n\n\n\n<h2 id=\"Info\">Info<\/h2>\n\n\n\n<p class=\"has-text-align-center nojustify\"> COO\/Product Owner <a href=\"mailto:jukka@alfred-maritime.com\">Jukka<\/a> Ignatius<br>ALFRED Maritime GmbH<br>c\/o WeWork<br>Hermannstra\u00dfe 13<br>20095 Hamburg<br>Deutschland<br><a href=\"tel:+4940809081272\">040 809 081 272<\/a><br><a href=\"mailto:info@alfred-maritime.com\">info@alfred-maritime.com<\/a><\/p>\n","protected":false},"excerpt":{"rendered":"<p>Contact us &nbsp; About ALFRED Maritime GmbH ist ein digitales Unter\u00adnehmen, welches 2019 in Hamburg gegr\u00fcndet wur\u00adde. Unser kleines, aber hoch\u00adspe\u00adzialisiertes Team ar\u00adbeitet daran die Schiff\u00adfahrt durch Digita\u00adlisierung, Internet der Dinge und K\u00fcnstliche Intelligenz zu revo\u00adlutionieren. Du magst uns als Daten\u2010Butler be\u00adgrei\u00adfen, die die Intelligenz f\u00fcr gr\u00fcnere Schiffe der n\u00e4chs\u00adten Generation be\u00adreit\u00adstellen. Bei ALFRED, leben [&hellip;]<\/p>\n","protected":false},"author":3,"featured_media":0,"parent":0,"menu_order":0,"comment_status":"closed","ping_status":"closed","template":"","meta":[],"acf":[],"yoast_head":"<!-- This site is optimized with the Yoast SEO plugin v18.7 - https:\/\/yoast.com\/wordpress\/plugins\/seo\/ -->\n<title>ALFRED Maritime GmbH - Digitalising the Maritime Industry.<\/title>\n<meta name=\"description\" content=\"We are here to ensure that the modern ships are not only built as energy efficient as possible, but also operated in the most sustainable way possible.\" \/>\n<meta name=\"robots\" content=\"noindex, follow, max-snippet:-1, max-image-preview:large, max-video-preview:-1\" \/>\n<meta property=\"og:locale\" content=\"de_DE\" \/>\n<meta property=\"og:type\" content=\"article\" \/>\n<meta property=\"og:title\" content=\"ALFRED Maritime GmbH - Digitalising the Maritime Industry.\" \/>\n<meta property=\"og:description\" content=\"We are here to ensure that the modern ships are not only built as energy efficient as possible, but also operated in the most sustainable way possible.\" \/>\n<meta property=\"og:url\" content=\"https:\/\/dev-alfred.web1.osg.fi\/de\/\" \/>\n<meta property=\"og:site_name\" content=\"ALFRED Maritime GmbH\" \/>\n<meta property=\"article:modified_time\" content=\"2021-10-28T12:23:29+00:00\" \/>\n<meta property=\"og:image\" content=\"https:\/\/dev-alfred.web1.osg.fi\/wp-content\/uploads\/2021\/10\/homeport_Logo_color-1024x178.png\" \/>\n<meta name=\"twitter:card\" content=\"summary_large_image\" \/>\n<meta name=\"twitter:label1\" content=\"Gesch\u00e4tzte Lesezeit\" \/>\n\t<meta name=\"twitter:data1\" content=\"2\u00a0Minuten\" \/>\n<script type=\"application\/ld+json\" class=\"yoast-schema-graph\">{\"@context\":\"https:\/\/schema.org\",\"@graph\":[{\"@type\":\"WebSite\",\"@id\":\"https:\/\/dev-alfred.web1.osg.fi\/#website\",\"url\":\"https:\/\/dev-alfred.web1.osg.fi\/\",\"name\":\"ALFRED Maritime GmbH\",\"description\":\"Digitalising the Maritime Industry.\",\"potentialAction\":[{\"@type\":\"SearchAction\",\"target\":{\"@type\":\"EntryPoint\",\"urlTemplate\":\"https:\/\/dev-alfred.web1.osg.fi\/?s={search_term_string}\"},\"query-input\":\"required name=search_term_string\"}],\"inLanguage\":\"de\"},{\"@type\":\"ImageObject\",\"inLanguage\":\"de\",\"@id\":\"https:\/\/dev-alfred.web1.osg.fi\/de\/#primaryimage\",\"url\":\"https:\/\/dev-alfred.web1.osg.fi\/wp-content\/uploads\/2021\/10\/homeport_Logo_color.png\",\"contentUrl\":\"https:\/\/dev-alfred.web1.osg.fi\/wp-content\/uploads\/2021\/10\/homeport_Logo_color.png\",\"width\":2499,\"height\":434},{\"@type\":\"WebPage\",\"@id\":\"https:\/\/dev-alfred.web1.osg.fi\/de\/#webpage\",\"url\":\"https:\/\/dev-alfred.web1.osg.fi\/de\/\",\"name\":\"ALFRED Maritime GmbH - Digitalising the Maritime Industry.\",\"isPartOf\":{\"@id\":\"https:\/\/dev-alfred.web1.osg.fi\/#website\"},\"primaryImageOfPage\":{\"@id\":\"https:\/\/dev-alfred.web1.osg.fi\/de\/#primaryimage\"},\"datePublished\":\"2019-07-22T03:33:09+00:00\",\"dateModified\":\"2021-10-28T12:23:29+00:00\",\"description\":\"We are here to ensure that the modern ships are not only built as energy efficient as possible, but also operated in the most sustainable way possible.\",\"breadcrumb\":{\"@id\":\"https:\/\/dev-alfred.web1.osg.fi\/de\/#breadcrumb\"},\"inLanguage\":\"de\",\"potentialAction\":[{\"@type\":\"ReadAction\",\"target\":[\"https:\/\/dev-alfred.web1.osg.fi\/de\/\"]}]},{\"@type\":\"BreadcrumbList\",\"@id\":\"https:\/\/dev-alfred.web1.osg.fi\/de\/#breadcrumb\",\"itemListElement\":[{\"@type\":\"ListItem\",\"position\":1,\"name\":\"Home\",\"item\":\"https:\/\/dev-alfred.web1.osg.fi\/de\/\"},{\"@type\":\"ListItem\",\"position\":2,\"name\":\"Startseite\"}]}]}<\/script>\n<!-- \/ Yoast SEO plugin. -->","yoast_head_json":{"title":"ALFRED Maritime GmbH - Digitalising the Maritime Industry.","description":"We are here to ensure that the modern ships are not only built as energy efficient as possible, but also operated in the most sustainable way possible.","robots":{"index":"noindex","follow":"follow","max-snippet":"max-snippet:-1","max-image-preview":"max-image-preview:large","max-video-preview":"max-video-preview:-1"},"og_locale":"de_DE","og_type":"article","og_title":"ALFRED Maritime GmbH - Digitalising the Maritime Industry.","og_description":"We are here to ensure that the modern ships are not only built as energy efficient as possible, but also operated in the most sustainable way possible.","og_url":"https:\/\/dev-alfred.web1.osg.fi\/de\/","og_site_name":"ALFRED Maritime GmbH","article_modified_time":"2021-10-28T12:23:29+00:00","og_image":[{"url":"https:\/\/dev-alfred.web1.osg.fi\/wp-content\/uploads\/2021\/10\/homeport_Logo_color-1024x178.png"}],"twitter_card":"summary_large_image","twitter_misc":{"Gesch\u00e4tzte Lesezeit":"2\u00a0Minuten"},"schema":{"@context":"https:\/\/schema.org","@graph":[{"@type":"WebSite","@id":"https:\/\/dev-alfred.web1.osg.fi\/#website","url":"https:\/\/dev-alfred.web1.osg.fi\/","name":"ALFRED Maritime GmbH","description":"Digitalising the Maritime Industry.","potentialAction":[{"@type":"SearchAction","target":{"@type":"EntryPoint","urlTemplate":"https:\/\/dev-alfred.web1.osg.fi\/?s={search_term_string}"},"query-input":"required name=search_term_string"}],"inLanguage":"de"},{"@type":"ImageObject","inLanguage":"de","@id":"https:\/\/dev-alfred.web1.osg.fi\/de\/#primaryimage","url":"https:\/\/dev-alfred.web1.osg.fi\/wp-content\/uploads\/2021\/10\/homeport_Logo_color.png","contentUrl":"https:\/\/dev-alfred.web1.osg.fi\/wp-content\/uploads\/2021\/10\/homeport_Logo_color.png","width":2499,"height":434},{"@type":"WebPage","@id":"https:\/\/dev-alfred.web1.osg.fi\/de\/#webpage","url":"https:\/\/dev-alfred.web1.osg.fi\/de\/","name":"ALFRED Maritime GmbH - Digitalising the Maritime Industry.","isPartOf":{"@id":"https:\/\/dev-alfred.web1.osg.fi\/#website"},"primaryImageOfPage":{"@id":"https:\/\/dev-alfred.web1.osg.fi\/de\/#primaryimage"},"datePublished":"2019-07-22T03:33:09+00:00","dateModified":"2021-10-28T12:23:29+00:00","description":"We are here to ensure that the modern ships are not only built as energy efficient as possible, but also operated in the most sustainable way possible.","breadcrumb":{"@id":"https:\/\/dev-alfred.web1.osg.fi\/de\/#breadcrumb"},"inLanguage":"de","potentialAction":[{"@type":"ReadAction","target":["https:\/\/dev-alfred.web1.osg.fi\/de\/"]}]},{"@type":"BreadcrumbList","@id":"https:\/\/dev-alfred.web1.osg.fi\/de\/#breadcrumb","itemListElement":[{"@type":"ListItem","position":1,"name":"Home","item":"https:\/\/dev-alfred.web1.osg.fi\/de\/"},{"@type":"ListItem","position":2,"name":"Startseite"}]}]}},"_links":{"self":[{"href":"https:\/\/dev-alfred.web1.osg.fi\/de\/wp-json\/wp\/v2\/pages\/80"}],"collection":[{"href":"https:\/\/dev-alfred.web1.osg.fi\/de\/wp-json\/wp\/v2\/pages"}],"about":[{"href":"https:\/\/dev-alfred.web1.osg.fi\/de\/wp-json\/wp\/v2\/types\/page"}],"author":[{"embeddable":true,"href":"https:\/\/dev-alfred.web1.osg.fi\/de\/wp-json\/wp\/v2\/users\/3"}],"replies":[{"embeddable":true,"href":"https:\/\/dev-alfred.web1.osg.fi\/de\/wp-json\/wp\/v2\/comments?post=80"}],"version-history":[{"count":77,"href":"https:\/\/dev-alfred.web1.osg.fi\/de\/wp-json\/wp\/v2\/pages\/80\/revisions"}],"predecessor-version":[{"id":534,"href":"https:\/\/dev-alfred.web1.osg.fi\/de\/wp-json\/wp\/v2\/pages\/80\/revisions\/534"}],"wp:attachment":[{"href":"https:\/\/dev-alfred.web1.osg.fi\/de\/wp-json\/wp\/v2\/media?parent=80"}],"curies":[{"name":"wp","href":"https:\/\/api.w.org\/{rel}","templated":true}]}}